{"id":319,"date":"2018-09-19T09:02:34","date_gmt":"2018-09-19T06:02:34","guid":{"rendered":"http:\/\/www.ahmetkaracam.com\/?page_id=319"},"modified":"2023-04-07T14:31:43","modified_gmt":"2023-04-07T11:31:43","slug":"contact-us","status":"publish","type":"page","link":"http:\/\/www.ahmetkaracam.com\/en\/contact-us\/","title":{"rendered":"Contact Us"},"content":{"rendered":"<div style='padding-bottom:10px; ' class='av-special-heading av-special-heading-h1     '><h1 class='av-special-heading-tag '  itemprop=\"headline\"  >Contact Us<\/h1><div class='special-heading-border'><div class='special-heading-inner-border' ><\/div><\/div><\/div>\n<div class=\"flex_column av_one_half  flex_column_div first   \" style='background: #ffffff; padding:30px; background-color:#ffffff; border-radius:0px; '><section class=\"av_textblock_section \"  itemscope=\"itemscope\" itemtype=\"https:\/\/schema.org\/CreativeWork\" ><div class='avia_textblock  '   itemprop=\"text\" ><p><strong>Address:<\/strong> Te\u015fvikiye, Vali Kona\u011f\u0131 Cd. F\u0131tri Bey Apartman\u0131 62\/2, 34365 \u015ei\u015fli\/\u0130stanbul<\/p>\n<p><strong>Phone:<\/strong> <a href=\"te:+902122314080\">0212 231 40 80<\/a><br \/>\n<strong>Mobile:<\/strong> <a href=\"tel:+905054746604\">0505 474 66 04<\/a><\/p>\n<\/div><\/section><\/div>\n<div class=\"flex_column av_one_half  flex_column_div    \" style='background: #b3a2ad; padding:20px; background-color:#b3a2ad; border-radius:0px; '><\/div>\n","protected":false},"excerpt":{"rendered":"","protected":false},"author":1,"featured_media":0,"parent":0,"menu_order":0,"comment_status":"closed","ping_status":"closed","template":"","meta":[],"_links":{"self":[{"href":"http:\/\/www.ahmetkaracam.com\/en\/wp-json\/wp\/v2\/pages\/319"}],"collection":[{"href":"http:\/\/www.ahmetkaracam.com\/en\/wp-json\/wp\/v2\/pages"}],"about":[{"href":"http:\/\/www.ahmetkaracam.com\/en\/wp-json\/wp\/v2\/types\/page"}],"author":[{"embeddable":true,"href":"http:\/\/www.ahmetkaracam.com\/en\/wp-json\/wp\/v2\/users\/1"}],"replies":[{"embeddable":true,"href":"http:\/\/www.ahmetkaracam.com\/en\/wp-json\/wp\/v2\/comments?post=319"}],"version-history":[{"count":8,"href":"http:\/\/www.ahmetkaracam.com\/en\/wp-json\/wp\/v2\/pages\/319\/revisions"}],"predecessor-version":[{"id":783,"href":"http:\/\/www.ahmetkaracam.com\/en\/wp-json\/wp\/v2\/pages\/319\/revisions\/783"}],"wp:attachment":[{"href":"http:\/\/www.ahmetkaracam.com\/en\/wp-json\/wp\/v2\/media?parent=319"}],"curies":[{"name":"wp","href":"https:\/\/api.w.org\/{rel}","templated":true}]}}